{"id":6737,"date":"2022-03-02T16:09:18","date_gmt":"2022-03-02T15:09:18","guid":{"rendered":"https:\/\/www.sqorus.com\/white-papers\/"},"modified":"2024-10-29T16:42:49","modified_gmt":"2024-10-29T15:42:49","slug":"ebooks","status":"publish","type":"page","link":"https:\/\/www.sqorus.com\/en\/ebooks\/","title":{"rendered":"SQORUS EBOOKS"},"content":{"rendered":"<p>[et_pb_section fb_built=&#8221;1&#8243; custom_padding_last_edited=&#8221;on|phone&#8221; admin_label=&#8221;Section &#8211; Header&#8221; module_class=&#8221;Fond_blanc&#8221; _builder_version=&#8221;4.26.0&#8243; _module_preset=&#8221;default&#8221; background_position=&#8221;bottom_right&#8221; custom_margin=&#8221;||||false|false&#8221; custom_padding=&#8221;3rem||3rem||true|false&#8221; custom_padding_tablet=&#8221;2rem||3rem||false|false&#8221; custom_padding_phone=&#8221;2rem||2rem||true|false&#8221; collapsed=&#8221;off&#8221; global_colors_info=&#8221;{}&#8221;][et_pb_row column_structure=&#8221;1_2,1_2&#8243; make_equal=&#8221;on&#8221; admin_label=&#8221;Image block + text&#8221; module_class=&#8221;bloc_2_colonnes&#8221; _builder_version=&#8221;4.25.0&#8243; _module_preset=&#8221;default&#8221; custom_margin=&#8221;||0px||false|true&#8221; custom_margin_tablet=&#8221;||0px||false|true&#8221; custom_margin_phone=&#8221;|30px|0px|30px|false|true&#8221; custom_margin_last_edited=&#8221;on|phone&#8221; custom_padding=&#8221;|0px|0px|0px|false|true&#8221; animation_style=&#8221;fade&#8221; collapsed=&#8221;off&#8221; global_colors_info=&#8221;{}&#8221;][et_pb_column type=&#8221;1_2&#8243; module_class=&#8221;vertical-align&#8221; _builder_version=&#8221;4.25.0&#8243; _module_preset=&#8221;default&#8221; background_enable_color=&#8221;off&#8221; background_enable_image=&#8221;off&#8221; background_size=&#8221;custom&#8221; background_image_width=&#8221;19%&#8221; background_position=&#8221;top_right&#8221; background_vertical_offset=&#8221;7%&#8221; custom_padding=&#8221;||0rem||false|false&#8221; global_colors_info=&#8221;{}&#8221;][et_pb_icon font_icon=&#8221;&#xf085;||fa||900&#8243; icon_color=&#8221;#0a6fcd&#8221; icon_width=&#8221;30px&#8221; icon_width_tablet=&#8221;30px&#8221; icon_width_phone=&#8221;20px&#8221; icon_width_last_edited=&#8221;on|desktop&#8221; admin_label=&#8221;Icon haut&#8221; _builder_version=&#8221;4.25.2&#8243; _module_preset=&#8221;default&#8221; background_color=&#8221;#49a0f5&#8243; positioning=&#8221;absolute&#8221; position_origin_a=&#8221;top_right&#8221; position_origin_r=&#8221;top_right&#8221; vertical_offset=&#8221;30px&#8221; horizontal_offset=&#8221;30px&#8221; z_index=&#8221;1&#8243; vertical_offset_tablet=&#8221;30px&#8221; vertical_offset_phone=&#8221;20px&#8221; vertical_offset_last_edited=&#8221;on|phone&#8221; horizontal_offset_tablet=&#8221;80px&#8221; horizontal_offset_phone=&#8221;0px&#8221; horizontal_offset_last_edited=&#8221;on|phone&#8221; position_origin_a_tablet=&#8221;top_right&#8221; position_origin_a_phone=&#8221;top_right&#8221; position_origin_a_last_edited=&#8221;on|tablet&#8221; position_origin_f_tablet=&#8221;&#8221; position_origin_f_phone=&#8221;&#8221; position_origin_f_last_edited=&#8221;on|tablet&#8221; position_origin_r_tablet=&#8221;top_right&#8221; position_origin_r_phone=&#8221;top_right&#8221; position_origin_r_last_edited=&#8221;on|tablet&#8221; custom_padding=&#8221;32px|29px|32px|29px|true|true&#8221; custom_padding_tablet=&#8221;2rem|28px|2rem|28px|true|true&#8221; custom_padding_phone=&#8221;24px|22px|24px|22px|true|true&#8221; custom_padding_last_edited=&#8221;on|phone&#8221; positioning_tablet=&#8221;absolute&#8221; positioning_phone=&#8221;absolute&#8221; positioning_last_edited=&#8221;on|tablet&#8221; border_radii=&#8221;on|200px|200px|200px|200px&#8221; locked=&#8221;off&#8221; global_colors_info=&#8221;{}&#8221;][\/et_pb_icon][et_pb_image src=&#8221;https:\/\/www.sqorus.com\/wp-content\/uploads\/2024\/06\/Conseil-expertise-IT-bandeau.png&#8221; alt=&#8221;SQORUS logo&#8221; title_text=&#8221;Council &#038; IT expertise &#8211; bandeau&#8221; align=&#8221;center&#8221; align_tablet=&#8221;center&#8221; align_phone=&#8221;center&#8221; align_last_edited=&#8221;on|tablet&#8221; disabled_on=&#8221;off|off|off&#8221; module_class=&#8221;image_fond&#8221; _builder_version=&#8221;4.25.2&#8243; _module_preset=&#8221;default&#8221; background_enable_image=&#8221;off&#8221; positioning=&#8221;relative&#8221; width=&#8221;86%&#8221; width_tablet=&#8221;80%&#8221; width_phone=&#8221;100%&#8221; width_last_edited=&#8221;on|phone&#8221; animation_style=&#8221;slide&#8221; animation_duration=&#8221;2000ms&#8221; animation_intensity_slide=&#8221;20%&#8221; border_radii=&#8221;on|300px|300px|300px|300px&#8221; border_width_all=&#8221;10px&#8221; border_color_all=&#8221;#d9e0e5&#8243; global_colors_info=&#8221;{}&#8221;][\/et_pb_image][et_pb_icon font_icon=&#8221;&#xe080;||divi||400&#8243; icon_color=&#8221;#a56401&#8243; icon_width=&#8221;30px&#8221; align=&#8221;left&#8221; icon_width_tablet=&#8221;30px&#8221; icon_width_phone=&#8221;20px&#8221; icon_width_last_edited=&#8221;on|desktop&#8221; admin_label=&#8221;Icon bas&#8221; _builder_version=&#8221;4.25.2&#8243; _module_preset=&#8221;default&#8221; background_color=&#8221;#fab74f&#8221; positioning=&#8221;absolute&#8221; vertical_offset=&#8221;300px&#8221; horizontal_offset=&#8221;40px&#8221; z_index=&#8221;1&#8243; vertical_offset_tablet=&#8221;360px&#8221; vertical_offset_phone=&#8221;60px&#8221; vertical_offset_last_edited=&#8221;on|phone&#8221; horizontal_offset_tablet=&#8221;80px&#8221; horizontal_offset_phone=&#8221;0px&#8221; horizontal_offset_last_edited=&#8221;on|desktop&#8221; position_origin_a_tablet=&#8221;top_left&#8221; position_origin_a_phone=&#8221;bottom_left&#8221; position_origin_a_last_edited=&#8221;on|tablet&#8221; position_origin_f_tablet=&#8221;&#8221; position_origin_f_phone=&#8221;&#8221; position_origin_f_last_edited=&#8221;on|tablet&#8221; position_origin_r_tablet=&#8221;&#8221; position_origin_r_phone=&#8221;&#8221; position_origin_r_last_edited=&#8221;on|tablet&#8221; custom_padding=&#8221;2rem|2rem|2rem|2rem|true|true&#8221; custom_padding_tablet=&#8221;2rem|2rem|2rem|2rem|true|true&#8221; custom_padding_phone=&#8221;1.5rem|1.5rem|1.5rem|1.5rem|true|true&#8221; custom_padding_last_edited=&#8221;on|tablet&#8221; positioning_tablet=&#8221;absolute&#8221; positioning_phone=&#8221;absolute&#8221; positioning_last_edited=&#8221;on|tablet&#8221; border_radii=&#8221;on|200px|200px|200px|200px&#8221; locked=&#8221;off&#8221; global_colors_info=&#8221;{}&#8221;][\/et_pb_icon][\/et_pb_column][et_pb_column type=&#8221;1_2&#8243; module_class=&#8221;colonne_texte&#8221; _builder_version=&#8221;4.25.0&#8243; _module_preset=&#8221;default&#8221; custom_padding=&#8221;4rem||||false|false&#8221; custom_padding_tablet=&#8221;0rem||||false|false&#8221; custom_padding_phone=&#8221;||||false|false&#8221; custom_padding_last_edited=&#8221;on|phone&#8221; global_colors_info=&#8221;{}&#8221;][et_pb_text admin_label=&#8221;Titre H1&#8243; module_class=&#8221;Titre_45&#8243; _builder_version=&#8221;4.25.0&#8243; _module_preset=&#8221;default&#8221; text_font=&#8221;|700|||||||&#8221; z_index=&#8221;0&#8243; custom_margin=&#8221;||0px||false|false&#8221; text_font_size_tablet=&#8221;&#8221; text_font_size_phone=&#8221;&#8221; text_font_size_last_edited=&#8221;on|desktop&#8221; global_colors_info=&#8221;{}&#8221;]<\/p>\n<h1>Our SQORUS Ebooks<\/h1>\n<p>[\/et_pb_text][et_pb_text module_class=&#8221;TexteCorps&#8221; _builder_version=&#8221;4.25.0&#8243; _module_preset=&#8221;default&#8221; text_line_height=&#8221;30px&#8221; custom_padding=&#8221;|60px|||false|false&#8221; global_colors_info=&#8221;{}&#8221;]<\/p>\n<p><span>D\u00e9couvrez nos livres blancs et acc\u00e9dez \u00e0 l&#8217;expertise des consultants SQORUS sur les enjeux cl\u00e9s de la transformation digitale et m\u00e9tier des entreprises et organisations.\u00a0<\/span><\/p>\n<p>[\/et_pb_text][\/et_pb_column][\/et_pb_row][\/et_pb_section][et_pb_section fb_built=&#8221;1&#8243; custom_padding_last_edited=&#8221;on|tablet&#8221; admin_label=&#8221;Section &#8211; Texte image&#8221; _builder_version=&#8221;4.25.2&#8243; _module_preset=&#8221;default&#8221; background_color=&#8221;gcid-99bb2899-b21c-487f-849a-a4af892d0bec&#8221; custom_margin=&#8221;||||true|false&#8221; custom_padding=&#8221;6rem||80px||false|false&#8221; custom_padding_tablet=&#8221;5rem||5rem||true|false&#8221; custom_padding_phone=&#8221;7rem||40px||false|false&#8221; collapsed=&#8221;off&#8221; global_colors_info=&#8221;{%22gcid-99bb2899-b21c-487f-849a-a4af892d0bec%22:%91%22background_color%22%93}&#8221;][et_pb_row custom_padding_last_edited=&#8221;on|tablet&#8221; _builder_version=&#8221;4.25.0&#8243; _module_preset=&#8221;default&#8221; background_enable_color=&#8221;off&#8221; width=&#8221;auto&#8221; max_width=&#8221;1300px&#8221; custom_margin=&#8221;0px||0px||true|true&#8221; custom_padding=&#8221;0px|0px|0px|0px|true|false&#8221; custom_padding_tablet=&#8221;0px|40px|0px|40px|true|true&#8221; custom_padding_phone=&#8221;0px|30px|0px|30px|true|true&#8221; global_colors_info=&#8221;{}&#8221;][et_pb_column type=&#8221;4_4&#8243; _builder_version=&#8221;4.25.0&#8243; _module_preset=&#8221;default&#8221; custom_padding=&#8221;|40px||40px|false|true&#8221; custom_padding_tablet=&#8221;|40px||40px|false|true&#8221; custom_padding_phone=&#8221;|0px||0px|false|true&#8221; custom_padding_last_edited=&#8221;on|phone&#8221; global_colors_info=&#8221;{}&#8221;][et_pb_text admin_label=&#8221;Sous-titre&#8221; module_class=&#8221;SousTitre&#8221; _builder_version=&#8221;4.25.2&#8243; _module_preset=&#8221;default&#8221; text_text_color=&#8221;#81919e&#8221; text_font_size=&#8221;13px&#8221; text_letter_spacing=&#8221;1px&#8221; custom_margin=&#8221;||10px||false|false&#8221; custom_padding=&#8221;0px||0px||true|false&#8221; text_orientation_tablet=&#8221;&#8221; text_orientation_phone=&#8221;center&#8221; text_orientation_last_edited=&#8221;on|tablet&#8221; locked=&#8221;off&#8221; global_colors_info=&#8221;{}&#8221;]<\/p>\n<p>SQORUS expertise<\/p>\n<p>[\/et_pb_text][et_pb_text admin_label=&#8221;Titre &#8211; H2&#8243; module_class=&#8221;Titre_40&#8243; _builder_version=&#8221;4.25.1&#8243; _module_preset=&#8221;default&#8221; header_2_text_align=&#8221;left&#8221; custom_padding=&#8221;||||false|false&#8221; custom_padding_tablet=&#8221;||20px||false|false&#8221; custom_padding_phone=&#8221;||20px||false|false&#8221; custom_padding_last_edited=&#8221;on|phone&#8221; header_2_text_align_tablet=&#8221;left&#8221; header_2_text_align_phone=&#8221;center&#8221; header_2_text_align_last_edited=&#8221;on|phone&#8221; global_colors_info=&#8221;{}&#8221;]<\/p>\n<h2>Digitalisation des entreprises : nos livres blancs pour inspirer votre strat\u00e9gie<\/h2>\n<p>[\/et_pb_text][et_pb_image src=&#8221;https:\/\/www.sqorus.com\/wp-content\/uploads\/2024\/02\/Responsabilite-sociale-et-societale.webp&#8221; title_text=&#8221;Corporate-social-responsibility&#8221; show_bottom_space=&#8221;off&#8221; force_fullwidth=&#8221;on&#8221; _builder_version=&#8221;4.25.2&#8243; _module_preset=&#8221;default&#8221; background_enable_image=&#8221;off&#8221; custom_margin=&#8221;0px||0px||true|false&#8221; custom_margin_tablet=&#8221;0px||0px||true|true&#8221; custom_margin_phone=&#8221;0px||0px||true|true&#8221; custom_margin_last_edited=&#8221;on|tablet&#8221; custom_padding=&#8221;0px||50px||false|true&#8221; custom_padding_tablet=&#8221;||30px||false|true&#8221; custom_padding_phone=&#8221;||||false|true&#8221; custom_padding_last_edited=&#8221;on|phone&#8221; module_alignment_tablet=&#8221;center&#8221; module_alignment_phone=&#8221;center&#8221; module_alignment_last_edited=&#8221;on|tablet&#8221; global_colors_info=&#8221;{}&#8221;][\/et_pb_image][et_pb_text admin_label=&#8221;Texte&#8221; module_class=&#8221;TexteCorps&#8221; _builder_version=&#8221;4.25.1&#8243; _module_preset=&#8221;default&#8221; custom_margin=&#8221;||||false|false&#8221; global_colors_info=&#8221;{}&#8221;]<\/p>\n<p>Chez SQORUS, nous sommes convaincus que le partage d&#8217;expertise est cl\u00e9 pour acc\u00e9l\u00e9rer la transformation digitale et m\u00e9tiers des organisations. C&#8217;est pourquoi nos consultants, forts de plus de 30 ans d&#8217;exp\u00e9rience dans l&#8217;accompagnement de projets IT et m\u00e9tiers strat\u00e9giques, prennent la plume pour partager leurs savoirs au travers de livres blancs.<\/p>\n<p>Tendances de fond, retours d&#8217;exp\u00e9rience, bonnes pratiques, conseils op\u00e9rationnels&#8230; nos publications vous apportent un \u00e9clairage unique pour orienter et r\u00e9ussir vos projets de transformation.<\/p>\n<p>[\/et_pb_text][\/et_pb_column][\/et_pb_row][\/et_pb_section][et_pb_section fb_built=&#8221;1&#8243; _builder_version=&#8221;4.25.2&#8243; _module_preset=&#8221;default&#8221; custom_margin=&#8221;||||false|false&#8221; custom_padding=&#8221;||||false|false&#8221; global_colors_info=&#8221;{}&#8221;][et_pb_row _builder_version=&#8221;4.25.2&#8243; min_height=&#8221;474px&#8221; custom_padding=&#8221;0px||0px|||&#8221; global_colors_info=&#8221;{}&#8221;][et_pb_column type=&#8221;4_4&#8243; _builder_version=&#8221;4.25.1&#8243; custom_padding=&#8221;||||false|false&#8221; global_colors_info=&#8221;{}&#8221;][et_pb_text module_id=&#8221;grille_articles&#8221; module_class=&#8221;liste_blog liste_livres_blancs filtre_articles&#8221; _builder_version=&#8221;4.27.2&#8243; _module_preset=&#8221;default&#8221; hover_enabled=&#8221;0&#8243; global_colors_info=&#8221;{}&#8221; sticky_enabled=&#8221;0&#8243;]<div id=\"caf-post-layout-container\" class=\"caf-post-layout-container \r\n     filter-layout1 post-layout1 \r\n     data-target-div1\"\r\n     data-post-type=\"post\"\r\n     data-tax=\"category\"\r\n     data-terms=\"category___385\"\r\n     data-per-page=\"9\"\r\n     data-selected-terms=\"category___18,category___16,category___1\"\r\n     data-filter-id=\"36767\"\r\n     data-post-layout=\"post-layout1\"\r\n     data-filter-layout=\"filter-layout1\"\r\n     data-target-div=\"data-target-div1\"\r\n     data-relation=\"IN\"\r\n     data-default-term=\"category___385\"\r\n     data-scroll=\"disabled\"\r\n     data-scroll-desk=\"-100\"\r\n     data-scroll-mob=\"-100\"\r\n     current-post-id=\"6737\"\r\n     data-order-by=\"date\"\r\n     data-order-type=\"desc\"\r\n     active-filters=\"on\"\r\n     active-filters-style=\"without_tax\"\r\n     ><div class='caf-active-filters'><ul><\/ul><\/div><div id='manage-ajax-response' class='caf-row'><div class=\"status\"><i class=\"fa fa-spinner\" aria-hidden=\"true\"><\/i><\/div><div class=\"content\"><\/div><\/div><\/div>[\/et_pb_text][\/et_pb_column][\/et_pb_row][\/et_pb_section]<\/p>\n","protected":false},"excerpt":{"rendered":"<p>Discover all SQORUS ebooks! <\/p>\n","protected":false},"author":19,"featured_media":0,"parent":0,"menu_order":0,"comment_status":"closed","ping_status":"closed","template":"","meta":{"_acf_changed":false,"_et_pb_use_builder":"on","_et_pb_old_content":"","_et_gb_content_width":"","content-type":"","_ayudawp_aiss_exclude":false,"footnotes":""},"class_list":["post-6737","page","type-page","status-publish","hentry"],"acf":[],"yoast_head":"<!-- This site is optimized with the Yoast SEO plugin v27.4 - https:\/\/yoast.com\/product\/yoast-seo-wordpress\/ -->\n<title>SQORUS EBOOKS - SQORUS<\/title>\n<meta name=\"description\" content=\"Discover all SQORUS white papers!\" \/>\n<meta name=\"robots\" content=\"index, follow, max-snippet:-1, max-image-preview:large, max-video-preview:-1\" \/>\n<link rel=\"canonical\" href=\"https:\/\/www.sqorus.com\/en\/ebooks\/\" \/>\n<meta property=\"og:locale\" content=\"en_US\" \/>\n<meta property=\"og:type\" content=\"article\" \/>\n<meta property=\"og:title\" content=\"SQORUS EBOOKS - SQORUS\" \/>\n<meta property=\"og:description\" content=\"Discover all SQORUS white papers!\" \/>\n<meta property=\"og:url\" content=\"https:\/\/www.sqorus.com\/en\/ebooks\/\" \/>\n<meta property=\"og:site_name\" content=\"SQORUS\" \/>\n<meta property=\"article:modified_time\" content=\"2024-10-29T15:42:49+00:00\" \/>\n<meta name=\"twitter:card\" content=\"summary_large_image\" \/>\n<meta name=\"twitter:site\" content=\"@SQORUS\" \/>\n<meta name=\"twitter:label1\" content=\"Est. reading time\" \/>\n\t<meta name=\"twitter:data1\" content=\"1 minute\" \/>\n<script type=\"application\/ld+json\" class=\"yoast-schema-graph\">{\"@context\":\"https:\\\/\\\/schema.org\",\"@graph\":[{\"@type\":\"WebPage\",\"@id\":\"https:\\\/\\\/www.sqorus.com\\\/en\\\/ebooks\\\/\",\"url\":\"https:\\\/\\\/www.sqorus.com\\\/en\\\/ebooks\\\/\",\"name\":\"SQORUS EBOOKS - SQORUS\",\"isPartOf\":{\"@id\":\"https:\\\/\\\/www.sqorus.com\\\/en\\\/#website\"},\"datePublished\":\"2022-03-02T15:09:18+00:00\",\"dateModified\":\"2024-10-29T15:42:49+00:00\",\"description\":\"Discover all SQORUS white papers!\",\"breadcrumb\":{\"@id\":\"https:\\\/\\\/www.sqorus.com\\\/en\\\/ebooks\\\/#breadcrumb\"},\"inLanguage\":\"en-US\",\"potentialAction\":[{\"@type\":\"ReadAction\",\"target\":[\"https:\\\/\\\/www.sqorus.com\\\/en\\\/ebooks\\\/\"]}]},{\"@type\":\"BreadcrumbList\",\"@id\":\"https:\\\/\\\/www.sqorus.com\\\/en\\\/ebooks\\\/#breadcrumb\",\"itemListElement\":[{\"@type\":\"ListItem\",\"position\":1,\"name\":\"Accueil\",\"item\":\"https:\\\/\\\/www.sqorus.com\\\/en\\\/\"},{\"@type\":\"ListItem\",\"position\":2,\"name\":\"SQORUS EBOOKS\"}]},{\"@type\":\"WebSite\",\"@id\":\"https:\\\/\\\/www.sqorus.com\\\/en\\\/#website\",\"url\":\"https:\\\/\\\/www.sqorus.com\\\/en\\\/\",\"name\":\"SQORUS | Cabinet de transformation RH, Finance & IT\",\"description\":\"People And Solutions That Matter*\",\"publisher\":{\"@id\":\"https:\\\/\\\/www.sqorus.com\\\/en\\\/#organization\"},\"alternateName\":\"SQORUS\",\"potentialAction\":[{\"@type\":\"SearchAction\",\"target\":{\"@type\":\"EntryPoint\",\"urlTemplate\":\"https:\\\/\\\/www.sqorus.com\\\/en\\\/?s={search_term_string}\"},\"query-input\":{\"@type\":\"PropertyValueSpecification\",\"valueRequired\":true,\"valueName\":\"search_term_string\"}}],\"inLanguage\":\"en-US\"},{\"@type\":\"Organization\",\"@id\":\"https:\\\/\\\/www.sqorus.com\\\/en\\\/#organization\",\"name\":\"SQORUS | Cabinet de transformation RH, Finance & IT\",\"url\":\"https:\\\/\\\/www.sqorus.com\\\/en\\\/\",\"logo\":{\"@type\":\"ImageObject\",\"inLanguage\":\"en-US\",\"@id\":\"https:\\\/\\\/www.sqorus.com\\\/en\\\/#\\\/schema\\\/logo\\\/image\\\/\",\"url\":\"\",\"contentUrl\":\"\",\"caption\":\"SQORUS | Cabinet de transformation RH, Finance & IT\"},\"image\":{\"@id\":\"https:\\\/\\\/www.sqorus.com\\\/en\\\/#\\\/schema\\\/logo\\\/image\\\/\"},\"sameAs\":[\"https:\\\/\\\/x.com\\\/SQORUS\",\"https:\\\/\\\/www.linkedin.com\\\/company\\\/356733\\\/\",\"https:\\\/\\\/www.instagram.com\\\/inside_sqorus\\\/\"]}]}<\/script>\n<!-- \/ Yoast SEO plugin. -->","yoast_head_json":{"title":"SQORUS EBOOKS - SQORUS","description":"Discover all SQORUS white papers!","robots":{"index":"index","follow":"follow","max-snippet":"max-snippet:-1","max-image-preview":"max-image-preview:large","max-video-preview":"max-video-preview:-1"},"canonical":"https:\/\/www.sqorus.com\/en\/ebooks\/","og_locale":"en_US","og_type":"article","og_title":"SQORUS EBOOKS - SQORUS","og_description":"Discover all SQORUS white papers!","og_url":"https:\/\/www.sqorus.com\/en\/ebooks\/","og_site_name":"SQORUS","article_modified_time":"2024-10-29T15:42:49+00:00","twitter_card":"summary_large_image","twitter_site":"@SQORUS","twitter_misc":{"Est. reading time":"1 minute"},"schema":{"@context":"https:\/\/schema.org","@graph":[{"@type":"WebPage","@id":"https:\/\/www.sqorus.com\/en\/ebooks\/","url":"https:\/\/www.sqorus.com\/en\/ebooks\/","name":"SQORUS EBOOKS - SQORUS","isPartOf":{"@id":"https:\/\/www.sqorus.com\/en\/#website"},"datePublished":"2022-03-02T15:09:18+00:00","dateModified":"2024-10-29T15:42:49+00:00","description":"Discover all SQORUS white papers!","breadcrumb":{"@id":"https:\/\/www.sqorus.com\/en\/ebooks\/#breadcrumb"},"inLanguage":"en-US","potentialAction":[{"@type":"ReadAction","target":["https:\/\/www.sqorus.com\/en\/ebooks\/"]}]},{"@type":"BreadcrumbList","@id":"https:\/\/www.sqorus.com\/en\/ebooks\/#breadcrumb","itemListElement":[{"@type":"ListItem","position":1,"name":"Accueil","item":"https:\/\/www.sqorus.com\/en\/"},{"@type":"ListItem","position":2,"name":"SQORUS EBOOKS"}]},{"@type":"WebSite","@id":"https:\/\/www.sqorus.com\/en\/#website","url":"https:\/\/www.sqorus.com\/en\/","name":"SQORUS | Cabinet de transformation RH, Finance & IT","description":"People And Solutions That Matter*","publisher":{"@id":"https:\/\/www.sqorus.com\/en\/#organization"},"alternateName":"SQORUS","potentialAction":[{"@type":"SearchAction","target":{"@type":"EntryPoint","urlTemplate":"https:\/\/www.sqorus.com\/en\/?s={search_term_string}"},"query-input":{"@type":"PropertyValueSpecification","valueRequired":true,"valueName":"search_term_string"}}],"inLanguage":"en-US"},{"@type":"Organization","@id":"https:\/\/www.sqorus.com\/en\/#organization","name":"SQORUS | Cabinet de transformation RH, Finance & IT","url":"https:\/\/www.sqorus.com\/en\/","logo":{"@type":"ImageObject","inLanguage":"en-US","@id":"https:\/\/www.sqorus.com\/en\/#\/schema\/logo\/image\/","url":"","contentUrl":"","caption":"SQORUS | Cabinet de transformation RH, Finance & IT"},"image":{"@id":"https:\/\/www.sqorus.com\/en\/#\/schema\/logo\/image\/"},"sameAs":["https:\/\/x.com\/SQORUS","https:\/\/www.linkedin.com\/company\/356733\/","https:\/\/www.instagram.com\/inside_sqorus\/"]}]}},"_links":{"self":[{"href":"https:\/\/www.sqorus.com\/en\/wp-json\/wp\/v2\/pages\/6737","targetHints":{"allow":["GET"]}}],"collection":[{"href":"https:\/\/www.sqorus.com\/en\/wp-json\/wp\/v2\/pages"}],"about":[{"href":"https:\/\/www.sqorus.com\/en\/wp-json\/wp\/v2\/types\/page"}],"author":[{"embeddable":true,"href":"https:\/\/www.sqorus.com\/en\/wp-json\/wp\/v2\/users\/19"}],"replies":[{"embeddable":true,"href":"https:\/\/www.sqorus.com\/en\/wp-json\/wp\/v2\/comments?post=6737"}],"version-history":[{"count":0,"href":"https:\/\/www.sqorus.com\/en\/wp-json\/wp\/v2\/pages\/6737\/revisions"}],"wp:attachment":[{"href":"https:\/\/www.sqorus.com\/en\/wp-json\/wp\/v2\/media?parent=6737"}],"curies":[{"name":"wp","href":"https:\/\/api.w.org\/{rel}","templated":true}]}}